{"id":3361,"date":"2021-01-21T05:42:55","date_gmt":"2021-01-21T05:42:55","guid":{"rendered":"https:\/\/staging.carina-martins.ch\/?page_id=3361"},"modified":"2024-07-09T17:29:05","modified_gmt":"2024-07-09T17:29:05","slug":"contact","status":"publish","type":"page","link":"https:\/\/carina-martins.ch\/de\/contact\/","title":{"rendered":"Kontakt"},"content":{"rendered":"<div data-elementor-type=\"wp-page\" data-elementor-id=\"3361\" class=\"elementor elementor-3361\">\n\t\t\t\t\t\t<section class=\"elementor-section elementor-top-section elementor-element elementor-element-f06db9b elementor-section-full_width elementor-section-height-default elementor-section-height-default sc_fly_static\" data-id=\"f06db9b\" data-element_type=\"section\" data-e-type=\"section\">\n\t\t\t\t\t\t\t<div class=\"elementor-background-overlay\"><\/div>\n\t\t\t\t\t\t\t<div class=\"elementor-container elementor-column-gap-extended\">\n\t\t\t\t\t<div class=\"elementor-column elementor-col-100 elementor-top-column elementor-element elementor-element-f6b803d sc_content_align_inherit sc_layouts_column_icons_position_left sc_fly_static\" data-id=\"f6b803d\" data-element_type=\"column\" data-e-type=\"column\">\n\t\t\t<div class=\"elementor-widget-wrap elementor-element-populated\">\n\t\t\t\t\t\t<div class=\"elementor-element elementor-element-4386d01 sc_fly_static elementor-widget elementor-widget-trx_sc_title\" data-id=\"4386d01\" data-element_type=\"widget\" data-e-type=\"widget\" data-widget_type=\"trx_sc_title.default\">\n\t\t\t\t<div class=\"elementor-widget-container\">\n\t\t\t\t\t<div\t\tclass=\"sc_title sc_title_default\" ><h2 class=\"sc_item_title sc_title_title sc_align_center sc_item_title_style_default\"\n\t\t\t><span class=\"sc_item_title_text\">FANGEN WIR AN<\/span><\/h2><div class=\"sc_item_descr sc_title_descr sc_align_center\"><p><a href=\"#_call\">BUCHEN SIE EINEN 15 MINUTEN ANRUF - Kostenlos<\/a> <br \/>um ein wenig zu verstehen, was ich f\u00fcr Sie tun kann<br \/>dann<br \/><a href=\"#_consult\"> EINEN BERATUNGSTERMIN VEREINBAREN <\/a><\/p>\n<p>Sie sind noch nicht bereit f\u00fcr einen Anruf? <br \/> E-Mail an <a href=\"mailto:hello@carina-martins.ch?subject=Website enquiry for custom curtains & blinds\" > hello@carina-martins.ch<\/a><\/p>\n<\/div><\/div>\t\t\t\t<\/div>\n\t\t\t\t<\/div>\n\t\t\t\t<div class=\"elementor-element elementor-element-0f01cbb sc_fly_static elementor-widget elementor-widget-spacer\" data-id=\"0f01cbb\" data-element_type=\"widget\" data-e-type=\"widget\" data-widget_type=\"spacer.default\">\n\t\t\t\t<div class=\"elementor-widget-container\">\n\t\t\t\t\t\t\t<div class=\"elementor-spacer\">\n\t\t\t<div class=\"elementor-spacer-inner\"><\/div>\n\t\t<\/div>\n\t\t\t\t\t\t<\/div>\n\t\t\t\t<\/div>\n\t\t\t\t\t<\/div>\n\t\t<\/div>\n\t\t\t\t\t<\/div>\n\t\t<\/section>\n\t\t\t\t<section class=\"elementor-section elementor-top-section elementor-element elementor-element-2c77977 elementor-section-full_width elementor-section-height-default elementor-section-height-default sc_fly_static\" data-id=\"2c77977\" data-element_type=\"section\" data-e-type=\"section\">\n\t\t\t\t\t\t<div class=\"elementor-container elementor-column-gap-extended\">\n\t\t\t\t\t<div class=\"elementor-column elementor-col-100 elementor-top-column elementor-element elementor-element-b1da1cb sc_content_align_inherit sc_layouts_column_icons_position_left sc_fly_static\" data-id=\"b1da1cb\" data-element_type=\"column\" data-e-type=\"column\">\n\t\t\t<div class=\"elementor-widget-wrap elementor-element-populated\">\n\t\t\t\t\t\t<div class=\"elementor-element elementor-element-27d9280 sc_fly_static elementor-widget elementor-widget-menu-anchor\" data-id=\"27d9280\" data-element_type=\"widget\" data-e-type=\"widget\" data-widget_type=\"menu-anchor.default\">\n\t\t\t\t<div class=\"elementor-widget-container\">\n\t\t\t\t\t\t\t<div class=\"elementor-menu-anchor\" id=\"_call\"><\/div>\n\t\t\t\t\t\t<\/div>\n\t\t\t\t<\/div>\n\t\t\t\t<section class=\"elementor-section elementor-inner-section elementor-element elementor-element-6f05549 elementor-section-boxed elementor-section-height-default elementor-section-height-default sc_fly_static\" data-id=\"6f05549\" data-element_type=\"section\" data-e-type=\"section\">\n\t\t\t\t\t\t<div class=\"elementor-container elementor-column-gap-extended\">\n\t\t\t\t\t<div class=\"elementor-column elementor-col-50 elementor-inner-column elementor-element elementor-element-0b1e59a sc_content_align_inherit sc_layouts_column_icons_position_left sc_fly_static\" data-id=\"0b1e59a\" data-element_type=\"column\" data-e-type=\"column\">\n\t\t\t<div class=\"elementor-widget-wrap elementor-element-populated\">\n\t\t\t\t\t\t<div class=\"elementor-element elementor-element-10d2f8c sc_fly_static elementor-widget elementor-widget-trx_sc_title\" data-id=\"10d2f8c\" data-element_type=\"widget\" data-e-type=\"widget\" data-widget_type=\"trx_sc_title.default\">\n\t\t\t\t<div class=\"elementor-widget-container\">\n\t\t\t\t\t<div\t\tclass=\"sc_title sc_title_default\" ><span class=\"sc_item_subtitle sc_title_subtitle sc_align_center sc_item_subtitle_above sc_item_title_style_default\">Fernbedienung : 15 Minuten<\/span><h2 class=\"sc_item_title sc_title_title sc_align_center sc_item_title_style_default\"\n\t\t\t><span class=\"sc_item_title_text\">Einen Anruf vereinbaren<\/span><\/h2><\/div>\t\t\t\t<\/div>\n\t\t\t\t<\/div>\n\t\t\t\t<div class=\"elementor-element elementor-element-d8173b9 sc_height_small sc_fly_static elementor-widget elementor-widget-spacer\" data-id=\"d8173b9\" data-element_type=\"widget\" data-e-type=\"widget\" data-widget_type=\"spacer.default\">\n\t\t\t\t<div class=\"elementor-widget-container\">\n\t\t\t\t\t\t\t<div class=\"elementor-spacer\">\n\t\t\t<div class=\"elementor-spacer-inner\"><\/div>\n\t\t<\/div>\n\t\t\t\t\t\t<\/div>\n\t\t\t\t<\/div>\n\t\t\t\t<div class=\"elementor-element elementor-element-23eaf21 sc_fly_static elementor-widget elementor-widget-text-editor\" data-id=\"23eaf21\" data-element_type=\"widget\" data-e-type=\"widget\" data-widget_type=\"text-editor.default\">\n\t\t\t\t<div class=\"elementor-widget-container\">\n\t\t\t\t\t\t\t\t\t<p>Rufen Sie uns an, damit wir einen Beratungstermin vereinbaren k\u00f6nnen.<\/p><p><strong>W\u00e4hlen Sie eine Uhrzeit und ein Datum, an dem ich Sie anrufen kann.<\/strong><\/p><p><strong>Ihr Name<\/strong>, <strong>E-Mail<\/strong> und <strong>Rufnummer<\/strong> wird ben\u00f6tigt, um die Buchung abzuschlie\u00dfen.<\/p><p>Ich freue mich darauf, Ihnen zu helfen, Ihren Stil zu verwirklichen.<\/p>\t\t\t\t\t\t\t\t<\/div>\n\t\t\t\t<\/div>\n\t\t\t\t\t<\/div>\n\t\t<\/div>\n\t\t\t\t<div class=\"elementor-column elementor-col-50 elementor-inner-column elementor-element elementor-element-7962514 sc_content_align_inherit sc_layouts_column_icons_position_left sc_fly_static\" data-id=\"7962514\" data-element_type=\"column\" data-e-type=\"column\">\n\t\t\t<div class=\"elementor-widget-wrap elementor-element-populated\">\n\t\t\t\t\t\t<div class=\"elementor-element elementor-element-cf3304d sc_fly_static elementor-widget elementor-widget-html\" data-id=\"cf3304d\" data-element_type=\"widget\" data-e-type=\"widget\" data-widget_type=\"html.default\">\n\t\t\t\t<div class=\"elementor-widget-container\">\n\t\t\t\t\t\n<!-- Calendly inline widget begin \n<div class=\"calendly-inline-widget\" data-url=\"https:\/\/calendly.com\/carinamartins\/15min?hide_event_type_details=1&hide_gdpr_banner=1&primary_color=f86f11\" style=\"min-width:320px;height:630px;\"><\/div>\n<script type=\"text\/javascript\" src=\"https:\/\/assets.calendly.com\/assets\/external\/widget.js\" async><\/script>\nCalendly inline widget end -->\n\n<button id=\"showCalendly\" onclick=\"revealCalendlyWidget(); gtag_report_conversion();\" style=\"background-color: #f86f11; color: white; border: none; padding: 10px 20px; cursor: pointer; align: center;\">\n    BEREITS? <br>Klicken Sie hier <br>um den Kalender zu sehen <br>und <br>Einen Anruf vereinbaren\n<\/button>\n\n<div id=\"calendlyWidget\" style=\"display:none; min-width:320px; height:630px; margin-top: 20px;\">\n    <!-- Calendly inline widget begin -->\n    <div class=\"calendly-inline-widget\" data-url=\"https:\/\/calendly.com\/carinamartins\/15min?hide_event_type_details=1&hide_gdpr_banner=1&primary_color=f86f11\" style=\"min-width:320px;height:630px;\"><\/div>\n    <script type=\"text\/javascript\" src=\"https:\/\/assets.calendly.com\/assets\/external\/widget.js\" async><\/script>\n    <!-- Calendly inline widget end -->\n<\/div>\n\n<script>\nfunction revealCalendlyWidget() {\n        document.getElementById('calendlyWidget').style.display = 'block';\n        document.getElementById('showCalendly').style.display = 'none';\n    }\n<\/script>\n\t\t\t\t<\/div>\n\t\t\t\t<\/div>\n\t\t\t\t\t<\/div>\n\t\t<\/div>\n\t\t\t\t\t<\/div>\n\t\t<\/section>\n\t\t\t\t\t<\/div>\n\t\t<\/div>\n\t\t\t\t\t<\/div>\n\t\t<\/section>\n\t\t\t\t<section class=\"elementor-section elementor-top-section elementor-element elementor-element-9f7fb2b elementor-section-full_width elementor-section-height-default elementor-section-height-default sc_fly_static\" data-id=\"9f7fb2b\" data-element_type=\"section\" data-e-type=\"section\">\n\t\t\t\t\t\t\t<div class=\"elementor-background-overlay\"><\/div>\n\t\t\t\t\t\t\t<div class=\"elementor-container elementor-column-gap-extended\">\n\t\t\t\t\t<div class=\"elementor-column elementor-col-100 elementor-top-column elementor-element elementor-element-4d95ab7 sc_content_align_inherit sc_layouts_column_icons_position_left sc_fly_static\" data-id=\"4d95ab7\" data-element_type=\"column\" data-e-type=\"column\">\n\t\t\t<div class=\"elementor-widget-wrap elementor-element-populated\">\n\t\t\t\t\t\t<div class=\"elementor-element elementor-element-1c43208 sc_fly_static elementor-widget elementor-widget-menu-anchor\" data-id=\"1c43208\" data-element_type=\"widget\" data-e-type=\"widget\" data-widget_type=\"menu-anchor.default\">\n\t\t\t\t<div class=\"elementor-widget-container\">\n\t\t\t\t\t\t\t<div class=\"elementor-menu-anchor\" id=\"_consult\"><\/div>\n\t\t\t\t\t\t<\/div>\n\t\t\t\t<\/div>\n\t\t\t\t<div class=\"elementor-element elementor-element-83c2be8 sc_fly_static elementor-widget elementor-widget-spacer\" data-id=\"83c2be8\" data-element_type=\"widget\" data-e-type=\"widget\" data-widget_type=\"spacer.default\">\n\t\t\t\t<div class=\"elementor-widget-container\">\n\t\t\t\t\t\t\t<div class=\"elementor-spacer\">\n\t\t\t<div class=\"elementor-spacer-inner\"><\/div>\n\t\t<\/div>\n\t\t\t\t\t\t<\/div>\n\t\t\t\t<\/div>\n\t\t\t\t<section class=\"elementor-section elementor-inner-section elementor-element elementor-element-2e46b83 elementor-section-boxed elementor-section-height-default elementor-section-height-default sc_fly_static\" data-id=\"2e46b83\" data-element_type=\"section\" data-e-type=\"section\">\n\t\t\t\t\t\t<div class=\"elementor-container elementor-column-gap-extended\">\n\t\t\t\t\t<div class=\"elementor-column elementor-col-100 elementor-inner-column elementor-element elementor-element-c683294 sc_content_align_inherit sc_layouts_column_icons_position_left sc_fly_static\" data-id=\"c683294\" data-element_type=\"column\" data-e-type=\"column\">\n\t\t\t<div class=\"elementor-widget-wrap elementor-element-populated\">\n\t\t\t\t\t\t<div class=\"elementor-element elementor-element-5aacad0 sc_fly_static elementor-widget elementor-widget-trx_sc_title\" data-id=\"5aacad0\" data-element_type=\"widget\" data-e-type=\"widget\" data-widget_type=\"trx_sc_title.default\">\n\t\t\t\t<div class=\"elementor-widget-container\">\n\t\t\t\t\t<div\t\tclass=\"sc_title sc_title_default\" ><span class=\"sc_item_subtitle sc_title_subtitle sc_align_center sc_item_subtitle_above sc_item_title_style_default\">ON-Site<\/span><h2 class=\"sc_item_title sc_title_title sc_align_center sc_item_title_style_default\"\n\t\t\t><span class=\"sc_item_title_text\">Beratung &amp; Vermessung<\/span><\/h2><\/div>\t\t\t\t<\/div>\n\t\t\t\t<\/div>\n\t\t\t\t<div class=\"elementor-element elementor-element-5b62ef7 sc_height_tiny sc_fly_static elementor-widget elementor-widget-spacer\" data-id=\"5b62ef7\" data-element_type=\"widget\" data-e-type=\"widget\" data-widget_type=\"spacer.default\">\n\t\t\t\t<div class=\"elementor-widget-container\">\n\t\t\t\t\t\t\t<div class=\"elementor-spacer\">\n\t\t\t<div class=\"elementor-spacer-inner\"><\/div>\n\t\t<\/div>\n\t\t\t\t\t\t<\/div>\n\t\t\t\t<\/div>\n\t\t\t\t<div class=\"elementor-element elementor-element-26d9073 sc_fly_static elementor-widget elementor-widget-text-editor\" data-id=\"26d9073\" data-element_type=\"widget\" data-e-type=\"widget\" data-widget_type=\"text-editor.default\">\n\t\t\t\t<div class=\"elementor-widget-container\">\n\t\t\t\t\t\t\t\t\t<p>Ich biete Ihnen eine pers\u00f6nliche Beratung f\u00fcr ma\u00dfgefertigte Vorh\u00e4nge und Jalousien, damit Sie Ihr gew\u00fcnschtes Aussehen und Ihre Funktionalit\u00e4t erreichen.<\/p><p>Mit meiner umfangreichen Auswahl an Gardinenstoffen und Jalousienkatalogen k\u00f6nnen Sie Ihre bevorzugten Stile ausw\u00e4hlen.<\/p><p>Ich nehme genaue Messungen an den von Ihnen gew\u00fcnschten Orten vor und erstelle Ihnen ein unverbindliches Angebot, das auch die Installation beinhaltet.<\/p><p>Meine fachkundige Beratung umfasst die besten Optionen f\u00fcr Ihre Bed\u00fcrfnisse, einschlie\u00dflich Materialien und Gr\u00f6\u00dfen. Sie k\u00f6nnen darauf vertrauen, dass meine Angebote auf Ihre speziellen Anforderungen zugeschnitten sind.<\/p><p>Ich investiere viel Zeit und M\u00fche, um sicherzustellen, dass meine Angebote korrekt und auf Ihre Bed\u00fcrfnisse zugeschnitten sind.<\/p>\t\t\t\t\t\t\t\t<\/div>\n\t\t\t\t<\/div>\n\t\t\t\t<div class=\"elementor-element elementor-element-9fa7811 sc_fly_static elementor-widget elementor-widget-text-editor\" data-id=\"9fa7811\" data-element_type=\"widget\" data-e-type=\"widget\" data-widget_type=\"text-editor.default\">\n\t\t\t\t<div class=\"elementor-widget-container\">\n\t\t\t\t\t\t\t\t\t<h6>\u00a0<\/h6><ul><li>Vorbereitung (Proben)<\/li><li>Reisen<\/li><li>Messungen vor Ort<\/li><li>Bewertung von Machbarkeit, Bedarf und Stil<\/li><li>Recherche &amp; Zusammenstellung eines genauen Angebots<\/li><\/ul>\t\t\t\t\t\t\t\t<\/div>\n\t\t\t\t<\/div>\n\t\t\t\t<div class=\"elementor-element elementor-element-f016f7e sc_fly_static elementor-widget elementor-widget-spacer\" data-id=\"f016f7e\" data-element_type=\"widget\" data-e-type=\"widget\" data-widget_type=\"spacer.default\">\n\t\t\t\t<div class=\"elementor-widget-container\">\n\t\t\t\t\t\t\t<div class=\"elementor-spacer\">\n\t\t\t<div class=\"elementor-spacer-inner\"><\/div>\n\t\t<\/div>\n\t\t\t\t\t\t<\/div>\n\t\t\t\t<\/div>\n\t\t\t\t<div class=\"elementor-element elementor-element-f9720dd sc_fly_static elementor-widget elementor-widget-trx_sc_title\" data-id=\"f9720dd\" data-element_type=\"widget\" data-e-type=\"widget\" data-widget_type=\"trx_sc_title.default\">\n\t\t\t\t<div class=\"elementor-widget-container\">\n\t\t\t\t\t<div\t\tclass=\"sc_title sc_title_default\" ><h2 class=\"sc_item_title sc_title_title sc_align_center sc_item_title_style_default\"\n\t\t\t><span class=\"sc_item_title_text\">LASSEN SIE UNS ZUERST KONTAKT AUFNEHMEN<\/span><\/h2><div class=\"sc_item_descr sc_title_descr sc_align_center\"><p><a href=\"#_call\">BUCHEN SIE EINEN 15 MINUTEN ANRUF - Kostenlos<\/a> <br \/>um ein wenig zu verstehen, was ich f\u00fcr Sie tun kann.<\/p>\n<p>Sie sind noch nicht bereit f\u00fcr einen Anruf? <br \/> E-Mail an <a href=\"mailto:hello@carina-martins.ch?subject=Website enquiry for custom curtains & blinds\" > hello@carina-martins.ch<\/a><\/p>\n<\/div><\/div>\t\t\t\t<\/div>\n\t\t\t\t<\/div>\n\t\t\t\t\t<\/div>\n\t\t<\/div>\n\t\t\t\t\t<\/div>\n\t\t<\/section>\n\t\t\t\t\t<\/div>\n\t\t<\/div>\n\t\t\t\t\t<\/div>\n\t\t<\/section>\n\t\t\t\t<\/div>","protected":false},"excerpt":{"rendered":"<p>LETS GET STARTED BOOK A 15 MINUTE CALL - Free of charge to understand a bit what I can do for you then SCHEDULE A CONSULTATION Not yet ready for a...<\/p>","protected":false},"author":1,"featured_media":0,"parent":0,"menu_order":0,"comment_status":"closed","ping_status":"closed","template":"elementor_theme","meta":{"_acf_changed":false,"footnotes":""},"class_list":["post-3361","page","type-page","status-publish","hentry"],"acf":[],"yoast_head":"<!-- This site is optimized with the Yoast SEO plugin v27.4 - https:\/\/yoast.com\/product\/yoast-seo-wordpress\/ -->\n<title>Contact - Carina Martins<\/title>\n<meta name=\"robots\" content=\"index, follow, max-snippet:-1, max-image-preview:large, max-video-preview:-1\" \/>\n<link rel=\"canonical\" href=\"https:\/\/carina-martins.ch\/de\/contact\/\" \/>\n<meta property=\"og:locale\" content=\"de_DE\" \/>\n<meta property=\"og:type\" content=\"article\" \/>\n<meta property=\"og:title\" content=\"Contact - Carina Martins\" \/>\n<meta property=\"og:description\" content=\"LETS GET STARTED BOOK A 15 MINUTE CALL &#8211; Free of charge to understand a bit what I can do for youthen SCHEDULE A CONSULTATION Not yet ready for a&hellip;\" \/>\n<meta property=\"og:url\" content=\"https:\/\/carina-martins.ch\/de\/contact\/\" \/>\n<meta property=\"og:site_name\" content=\"Carina Martins\" \/>\n<meta property=\"article:modified_time\" content=\"2024-07-09T17:29:05+00:00\" \/>\n<meta property=\"og:image\" content=\"https:\/\/carina-martins.ch\/wp-content\/uploads\/2024\/09\/Bianca-1-1024x768.png\" \/>\n\t<meta property=\"og:image:width\" content=\"1024\" \/>\n\t<meta property=\"og:image:height\" content=\"768\" \/>\n\t<meta property=\"og:image:type\" content=\"image\/png\" \/>\n<meta name=\"twitter:card\" content=\"summary_large_image\" \/>\n<meta name=\"twitter:label1\" content=\"Gesch\u00e4tzte Lesezeit\" \/>\n\t<meta name=\"twitter:data1\" content=\"2\u00a0Minuten\" \/>\n<script type=\"application\/ld+json\" class=\"yoast-schema-graph\">{\"@context\":\"https:\\\/\\\/schema.org\",\"@graph\":[{\"@type\":\"WebPage\",\"@id\":\"https:\\\/\\\/carina-martins.ch\\\/contact\\\/\",\"url\":\"https:\\\/\\\/carina-martins.ch\\\/contact\\\/\",\"name\":\"Contact - Carina Martins\",\"isPartOf\":{\"@id\":\"https:\\\/\\\/carina-martins.ch\\\/#website\"},\"datePublished\":\"2021-01-21T05:42:55+00:00\",\"dateModified\":\"2024-07-09T17:29:05+00:00\",\"breadcrumb\":{\"@id\":\"https:\\\/\\\/carina-martins.ch\\\/contact\\\/#breadcrumb\"},\"inLanguage\":\"de-CH\",\"potentialAction\":[{\"@type\":\"ReadAction\",\"target\":[\"https:\\\/\\\/carina-martins.ch\\\/contact\\\/\"]}]},{\"@type\":\"BreadcrumbList\",\"@id\":\"https:\\\/\\\/carina-martins.ch\\\/contact\\\/#breadcrumb\",\"itemListElement\":[{\"@type\":\"ListItem\",\"position\":1,\"name\":\"Home\",\"item\":\"https:\\\/\\\/carina-martins.ch\\\/\"},{\"@type\":\"ListItem\",\"position\":2,\"name\":\"Contact\"}]},{\"@type\":\"WebSite\",\"@id\":\"https:\\\/\\\/carina-martins.ch\\\/#website\",\"url\":\"https:\\\/\\\/carina-martins.ch\\\/\",\"name\":\"Interior Shading Solutions by Carina Martins\",\"description\":\"Interior Shading Solutions\",\"publisher\":{\"@id\":\"https:\\\/\\\/carina-martins.ch\\\/#organization\"},\"alternateName\":\"Interior Shading Solutions Zurich\",\"potentialAction\":[{\"@type\":\"SearchAction\",\"target\":{\"@type\":\"EntryPoint\",\"urlTemplate\":\"https:\\\/\\\/carina-martins.ch\\\/?s={search_term_string}\"},\"query-input\":{\"@type\":\"PropertyValueSpecification\",\"valueRequired\":true,\"valueName\":\"search_term_string\"}}],\"inLanguage\":\"de-CH\"},{\"@type\":\"Organization\",\"@id\":\"https:\\\/\\\/carina-martins.ch\\\/#organization\",\"name\":\"Interior Shading Solutions by Carina Martins\",\"url\":\"https:\\\/\\\/carina-martins.ch\\\/\",\"logo\":{\"@type\":\"ImageObject\",\"inLanguage\":\"de-CH\",\"@id\":\"https:\\\/\\\/carina-martins.ch\\\/#\\\/schema\\\/logo\\\/image\\\/\",\"url\":\"https:\\\/\\\/carina-martins.ch\\\/wp-content\\\/uploads\\\/2020\\\/12\\\/favicon.png\",\"contentUrl\":\"https:\\\/\\\/carina-martins.ch\\\/wp-content\\\/uploads\\\/2020\\\/12\\\/favicon.png\",\"width\":300,\"height\":300,\"caption\":\"Interior Shading Solutions by Carina Martins\"},\"image\":{\"@id\":\"https:\\\/\\\/carina-martins.ch\\\/#\\\/schema\\\/logo\\\/image\\\/\"}}]}<\/script>\n<!-- \/ Yoast SEO plugin. -->","yoast_head_json":{"title":"Kontakt - Carina Martins","robots":{"index":"index","follow":"follow","max-snippet":"max-snippet:-1","max-image-preview":"max-image-preview:large","max-video-preview":"max-video-preview:-1"},"canonical":"https:\/\/carina-martins.ch\/de\/contact\/","og_locale":"de_DE","og_type":"article","og_title":"Contact - Carina Martins","og_description":"LETS GET STARTED BOOK A 15 MINUTE CALL &#8211; Free of charge to understand a bit what I can do for youthen SCHEDULE A CONSULTATION Not yet ready for a&hellip;","og_url":"https:\/\/carina-martins.ch\/de\/contact\/","og_site_name":"Carina Martins","article_modified_time":"2024-07-09T17:29:05+00:00","og_image":[{"width":1024,"height":768,"url":"https:\/\/carina-martins.ch\/wp-content\/uploads\/2024\/09\/Bianca-1-1024x768.png","type":"image\/png"}],"twitter_card":"summary_large_image","twitter_misc":{"Gesch\u00e4tzte Lesezeit":"2\u00a0Minuten"},"schema":{"@context":"https:\/\/schema.org","@graph":[{"@type":"WebPage","@id":"https:\/\/carina-martins.ch\/contact\/","url":"https:\/\/carina-martins.ch\/contact\/","name":"Kontakt - Carina Martins","isPartOf":{"@id":"https:\/\/carina-martins.ch\/#website"},"datePublished":"2021-01-21T05:42:55+00:00","dateModified":"2024-07-09T17:29:05+00:00","breadcrumb":{"@id":"https:\/\/carina-martins.ch\/contact\/#breadcrumb"},"inLanguage":"de-CH","potentialAction":[{"@type":"ReadAction","target":["https:\/\/carina-martins.ch\/contact\/"]}]},{"@type":"BreadcrumbList","@id":"https:\/\/carina-martins.ch\/contact\/#breadcrumb","itemListElement":[{"@type":"ListItem","position":1,"name":"Home","item":"https:\/\/carina-martins.ch\/"},{"@type":"ListItem","position":2,"name":"Contact"}]},{"@type":"WebSite","@id":"https:\/\/carina-martins.ch\/#website","url":"https:\/\/carina-martins.ch\/","name":"Interior Shading Solutions by Carina Martins","description":"Interior Shading Solutions","publisher":{"@id":"https:\/\/carina-martins.ch\/#organization"},"alternateName":"Interior Shading Solutions Zurich","potentialAction":[{"@type":"SearchAction","target":{"@type":"EntryPoint","urlTemplate":"https:\/\/carina-martins.ch\/?s={search_term_string}"},"query-input":{"@type":"PropertyValueSpecification","valueRequired":true,"valueName":"search_term_string"}}],"inLanguage":"de-CH"},{"@type":"Organization","@id":"https:\/\/carina-martins.ch\/#organization","name":"Interior Shading Solutions by Carina Martins","url":"https:\/\/carina-martins.ch\/","logo":{"@type":"ImageObject","inLanguage":"de-CH","@id":"https:\/\/carina-martins.ch\/#\/schema\/logo\/image\/","url":"https:\/\/carina-martins.ch\/wp-content\/uploads\/2020\/12\/favicon.png","contentUrl":"https:\/\/carina-martins.ch\/wp-content\/uploads\/2020\/12\/favicon.png","width":300,"height":300,"caption":"Interior Shading Solutions by Carina Martins"},"image":{"@id":"https:\/\/carina-martins.ch\/#\/schema\/logo\/image\/"}}]}},"_links":{"self":[{"href":"https:\/\/carina-martins.ch\/de\/wp-json\/wp\/v2\/pages\/3361","targetHints":{"allow":["GET"]}}],"collection":[{"href":"https:\/\/carina-martins.ch\/de\/wp-json\/wp\/v2\/pages"}],"about":[{"href":"https:\/\/carina-martins.ch\/de\/wp-json\/wp\/v2\/types\/page"}],"author":[{"embeddable":true,"href":"https:\/\/carina-martins.ch\/de\/wp-json\/wp\/v2\/users\/1"}],"replies":[{"embeddable":true,"href":"https:\/\/carina-martins.ch\/de\/wp-json\/wp\/v2\/comments?post=3361"}],"version-history":[{"count":147,"href":"https:\/\/carina-martins.ch\/de\/wp-json\/wp\/v2\/pages\/3361\/revisions"}],"predecessor-version":[{"id":14526,"href":"https:\/\/carina-martins.ch\/de\/wp-json\/wp\/v2\/pages\/3361\/revisions\/14526"}],"wp:attachment":[{"href":"https:\/\/carina-martins.ch\/de\/wp-json\/wp\/v2\/media?parent=3361"}],"curies":[{"name":"wp","href":"https:\/\/api.w.org\/{rel}","templated":true}]}}